{"id":17,"date":"2018-03-09T16:08:49","date_gmt":"2018-03-09T16:08:49","guid":{"rendered":"http:\/\/www.partytainment.de\/?page_id=17"},"modified":"2023-12-06T23:58:38","modified_gmt":"2023-12-06T22:58:38","slug":"kontakt","status":"publish","type":"page","link":"https:\/\/www.partytainment.de\/index.php\/kontakt\/","title":{"rendered":"Kontakt"},"content":{"rendered":"<p><strong>Und so erreichen Sie uns:<\/strong><\/p>\n<p>Telefon Festnetz: 0234 54469175<br \/>\n<strong>Telefon Mobil: 0162 4434120<\/strong><br \/>\nTelefax: 0234 54468120<\/p>\n<p>Nat\u00fcrlich auch per Mail unter: <a href=\"mailto:info@partytainment.de\">info (at) partytainment.de<\/a><\/p>\n<p>Falls Sie es m\u00f6chten, hinterlassen Sie uns eine Nachricht, wann und wie wir uns bei ihnen melden sollen.<br \/>\nTrotz aller Technik bevorzugen wir den pers\u00f6nlichen Kontakt. Durch ein Telefonat haben wir die M\u00f6glichkeit ihnen ein gezielteres Angebot erstellen zu k\u00f6nnen und Fragen diesbez\u00fcglich direkt zu stellen. \u00dcberraschungen wollen wir f\u00fcr Sie und uns im Sinne einer seri\u00f6sen Arbeit vermeiden.<\/p>\n<p>F\u00fcr Leihanlagen wird der Abholort mitgeteilt.<\/p>\n<p>Bitte melden Sie sich vorher telefonisch an, falls zurvor keine Zeitvereinbarung getroffen wurde. Nur so kann sichergestellt werden, dass alle Sachen vor Ort auch verf\u00fcgbar sind. Einige Gegenst\u00e4nde befinden sich im Au\u00dfenlager.<\/p>\n","protected":false},"excerpt":{"rendered":"<p>Und so erreichen Sie uns: Telefon Festnetz: 0234 54469175 Telefon Mobil: 0162 4434120 Telefax: 0234 54468120 Nat\u00fcrlich auch per Mail unter: info (at) partytainment.de Falls Sie es m\u00f6chten, hinterlassen Sie uns eine Nachricht, wann und&hellip; <\/p>\n<p><a class=\"more-link\" href=\"https:\/\/www.partytainment.de\/index.php\/kontakt\/\">Kontakt weiterlesen<\/a><\/p>\n","protected":false},"author":1,"featured_media":0,"parent":0,"menu_order":0,"comment_status":"closed","ping_status":"closed","template":"","meta":{"footnotes":""},"class_list":["post-17","page","type-page","status-publish","hentry"],"yoast_head":"<!-- This site is optimized with the Yoast SEO plugin v27.4 - https:\/\/yoast.com\/product\/yoast-seo-wordpress\/ -->\n<title>Kontakt &#8211; Partytainment<\/title>\n<meta name=\"robots\" content=\"index, follow, max-snippet:-1, max-image-preview:large, max-video-preview:-1\" \/>\n<link rel=\"canonical\" href=\"https:\/\/www.partytainment.de\/index.php\/kontakt\/\" \/>\n<meta property=\"og:locale\" content=\"de_DE\" \/>\n<meta property=\"og:type\" content=\"article\" \/>\n<meta property=\"og:title\" content=\"Kontakt &#8211; Partytainment\" \/>\n<meta property=\"og:description\" content=\"Und so erreichen Sie uns: Telefon Festnetz: 0234 54469175 Telefon Mobil: 0162 4434120 Telefax: 0234 54468120 Nat\u00fcrlich auch per Mail unter: info (at) partytainment.de Falls Sie es m\u00f6chten, hinterlassen Sie uns eine Nachricht, wann und&hellip; Kontakt weiterlesen\" \/>\n<meta property=\"og:url\" content=\"https:\/\/www.partytainment.de\/index.php\/kontakt\/\" \/>\n<meta property=\"og:site_name\" content=\"Partytainment\" \/>\n<meta property=\"article:publisher\" content=\"https:\/\/www.facebook.com\/Partytainment.nrw\/\" \/>\n<meta property=\"article:modified_time\" content=\"2023-12-06T22:58:38+00:00\" \/>\n<meta name=\"twitter:card\" content=\"summary_large_image\" \/>\n<meta name=\"twitter:label1\" content=\"Gesch\u00e4tzte Lesezeit\" \/>\n\t<meta name=\"twitter:data1\" content=\"1\u00a0Minute\" \/>\n<script type=\"application\/ld+json\" class=\"yoast-schema-graph\">{\"@context\":\"https:\\\/\\\/schema.org\",\"@graph\":[{\"@type\":\"WebPage\",\"@id\":\"https:\\\/\\\/www.partytainment.de\\\/index.php\\\/kontakt\\\/\",\"url\":\"https:\\\/\\\/www.partytainment.de\\\/index.php\\\/kontakt\\\/\",\"name\":\"Kontakt &#8211; Partytainment\",\"isPartOf\":{\"@id\":\"https:\\\/\\\/www.partytainment.de\\\/#website\"},\"datePublished\":\"2018-03-09T16:08:49+00:00\",\"dateModified\":\"2023-12-06T22:58:38+00:00\",\"breadcrumb\":{\"@id\":\"https:\\\/\\\/www.partytainment.de\\\/index.php\\\/kontakt\\\/#breadcrumb\"},\"inLanguage\":\"de\",\"potentialAction\":[{\"@type\":\"ReadAction\",\"target\":[\"https:\\\/\\\/www.partytainment.de\\\/index.php\\\/kontakt\\\/\"]}]},{\"@type\":\"BreadcrumbList\",\"@id\":\"https:\\\/\\\/www.partytainment.de\\\/index.php\\\/kontakt\\\/#breadcrumb\",\"itemListElement\":[{\"@type\":\"ListItem\",\"position\":1,\"name\":\"Home\",\"item\":\"https:\\\/\\\/www.partytainment.de\\\/\"},{\"@type\":\"ListItem\",\"position\":2,\"name\":\"Kontakt\"}]},{\"@type\":\"WebSite\",\"@id\":\"https:\\\/\\\/www.partytainment.de\\\/#website\",\"url\":\"https:\\\/\\\/www.partytainment.de\\\/\",\"name\":\"Partytainment\",\"description\":\"Die Party-Crew\",\"publisher\":{\"@id\":\"https:\\\/\\\/www.partytainment.de\\\/#organization\"},\"potentialAction\":[{\"@type\":\"SearchAction\",\"target\":{\"@type\":\"EntryPoint\",\"urlTemplate\":\"https:\\\/\\\/www.partytainment.de\\\/?s={search_term_string}\"},\"query-input\":{\"@type\":\"PropertyValueSpecification\",\"valueRequired\":true,\"valueName\":\"search_term_string\"}}],\"inLanguage\":\"de\"},{\"@type\":\"Organization\",\"@id\":\"https:\\\/\\\/www.partytainment.de\\\/#organization\",\"name\":\"Partytainment\",\"url\":\"https:\\\/\\\/www.partytainment.de\\\/\",\"logo\":{\"@type\":\"ImageObject\",\"inLanguage\":\"de\",\"@id\":\"https:\\\/\\\/www.partytainment.de\\\/#\\\/schema\\\/logo\\\/image\\\/\",\"url\":\"https:\\\/\\\/www.partytainment.de\\\/wp-content\\\/uploads\\\/2018\\\/03\\\/cropped-Partytainment_klein-blau.gif\",\"contentUrl\":\"https:\\\/\\\/www.partytainment.de\\\/wp-content\\\/uploads\\\/2018\\\/03\\\/cropped-Partytainment_klein-blau.gif\",\"width\":504,\"height\":150,\"caption\":\"Partytainment\"},\"image\":{\"@id\":\"https:\\\/\\\/www.partytainment.de\\\/#\\\/schema\\\/logo\\\/image\\\/\"},\"sameAs\":[\"https:\\\/\\\/www.facebook.com\\\/Partytainment.nrw\\\/\"]}]}<\/script>\n<!-- \/ Yoast SEO plugin. -->","yoast_head_json":{"title":"Kontakt &#8211; Partytainment","robots":{"index":"index","follow":"follow","max-snippet":"max-snippet:-1","max-image-preview":"max-image-preview:large","max-video-preview":"max-video-preview:-1"},"canonical":"https:\/\/www.partytainment.de\/index.php\/kontakt\/","og_locale":"de_DE","og_type":"article","og_title":"Kontakt &#8211; Partytainment","og_description":"Und so erreichen Sie uns: Telefon Festnetz: 0234 54469175 Telefon Mobil: 0162 4434120 Telefax: 0234 54468120 Nat\u00fcrlich auch per Mail unter: info (at) partytainment.de Falls Sie es m\u00f6chten, hinterlassen Sie uns eine Nachricht, wann und&hellip; Kontakt weiterlesen","og_url":"https:\/\/www.partytainment.de\/index.php\/kontakt\/","og_site_name":"Partytainment","article_publisher":"https:\/\/www.facebook.com\/Partytainment.nrw\/","article_modified_time":"2023-12-06T22:58:38+00:00","twitter_card":"summary_large_image","twitter_misc":{"Gesch\u00e4tzte Lesezeit":"1\u00a0Minute"},"schema":{"@context":"https:\/\/schema.org","@graph":[{"@type":"WebPage","@id":"https:\/\/www.partytainment.de\/index.php\/kontakt\/","url":"https:\/\/www.partytainment.de\/index.php\/kontakt\/","name":"Kontakt &#8211; Partytainment","isPartOf":{"@id":"https:\/\/www.partytainment.de\/#website"},"datePublished":"2018-03-09T16:08:49+00:00","dateModified":"2023-12-06T22:58:38+00:00","breadcrumb":{"@id":"https:\/\/www.partytainment.de\/index.php\/kontakt\/#breadcrumb"},"inLanguage":"de","potentialAction":[{"@type":"ReadAction","target":["https:\/\/www.partytainment.de\/index.php\/kontakt\/"]}]},{"@type":"BreadcrumbList","@id":"https:\/\/www.partytainment.de\/index.php\/kontakt\/#breadcrumb","itemListElement":[{"@type":"ListItem","position":1,"name":"Home","item":"https:\/\/www.partytainment.de\/"},{"@type":"ListItem","position":2,"name":"Kontakt"}]},{"@type":"WebSite","@id":"https:\/\/www.partytainment.de\/#website","url":"https:\/\/www.partytainment.de\/","name":"Partytainment","description":"Die Party-Crew","publisher":{"@id":"https:\/\/www.partytainment.de\/#organization"},"potentialAction":[{"@type":"SearchAction","target":{"@type":"EntryPoint","urlTemplate":"https:\/\/www.partytainment.de\/?s={search_term_string}"},"query-input":{"@type":"PropertyValueSpecification","valueRequired":true,"valueName":"search_term_string"}}],"inLanguage":"de"},{"@type":"Organization","@id":"https:\/\/www.partytainment.de\/#organization","name":"Partytainment","url":"https:\/\/www.partytainment.de\/","logo":{"@type":"ImageObject","inLanguage":"de","@id":"https:\/\/www.partytainment.de\/#\/schema\/logo\/image\/","url":"https:\/\/www.partytainment.de\/wp-content\/uploads\/2018\/03\/cropped-Partytainment_klein-blau.gif","contentUrl":"https:\/\/www.partytainment.de\/wp-content\/uploads\/2018\/03\/cropped-Partytainment_klein-blau.gif","width":504,"height":150,"caption":"Partytainment"},"image":{"@id":"https:\/\/www.partytainment.de\/#\/schema\/logo\/image\/"},"sameAs":["https:\/\/www.facebook.com\/Partytainment.nrw\/"]}]}},"_links":{"self":[{"href":"https:\/\/www.partytainment.de\/index.php\/wp-json\/wp\/v2\/pages\/17","targetHints":{"allow":["GET"]}}],"collection":[{"href":"https:\/\/www.partytainment.de\/index.php\/wp-json\/wp\/v2\/pages"}],"about":[{"href":"https:\/\/www.partytainment.de\/index.php\/wp-json\/wp\/v2\/types\/page"}],"author":[{"embeddable":true,"href":"https:\/\/www.partytainment.de\/index.php\/wp-json\/wp\/v2\/users\/1"}],"replies":[{"embeddable":true,"href":"https:\/\/www.partytainment.de\/index.php\/wp-json\/wp\/v2\/comments?post=17"}],"version-history":[{"count":4,"href":"https:\/\/www.partytainment.de\/index.php\/wp-json\/wp\/v2\/pages\/17\/revisions"}],"predecessor-version":[{"id":502,"href":"https:\/\/www.partytainment.de\/index.php\/wp-json\/wp\/v2\/pages\/17\/revisions\/502"}],"wp:attachment":[{"href":"https:\/\/www.partytainment.de\/index.php\/wp-json\/wp\/v2\/media?parent=17"}],"curies":[{"name":"wp","href":"https:\/\/api.w.org\/{rel}","templated":true}]}}